{"id":25933,"date":"2024-06-24T18:31:38","date_gmt":"2024-06-24T18:31:38","guid":{"rendered":"http:\/\/matyapp.de\/?page_id=25933"},"modified":"2025-05-05T11:12:10","modified_gmt":"2025-05-05T11:12:10","slug":"impressum","status":"publish","type":"page","link":"https:\/\/matyapp.de\/en\/impressum\/","title":{"rendered":"Imprint"},"content":{"rendered":"<p>[et_pb_section fb_built=&#8220;1&#8243; _builder_version=&#8220;4.16&#8243; _module_preset=&#8220;default&#8220; global_colors_info=&#8220;{}&#8220;][et_pb_row _builder_version=&#8220;4.16&#8243; _module_preset=&#8220;default&#8220; global_colors_info=&#8220;{}&#8220;][et_pb_column type=&#8220;4_4&#8243; _builder_version=&#8220;4.16&#8243; _module_preset=&#8220;default&#8220; global_colors_info=&#8220;{}&#8220;][et_pb_text _builder_version=&#8220;4.26.0&#8243; _module_preset=&#8220;default&#8220; global_colors_info=&#8220;{}&#8220;]<\/p>\n<h1 class=\"ce_headline\">Imprint<\/h1>\n<div class=\"ce_text block\">\n<p><strong>DigiVET UG (haftungsbeschr\u00e4nkt)<\/strong><br \/><span class=\"fontstyle0\">Managing Director:<\/span><br \/>Sandra Reinheckel<\/p>\n<p>Bergedorfer Str. 13<br \/>27726 Worpswede<\/p>\n<\/div>\n<div class=\"ce_text block\">\n<p>E-Mail:\u00a0<a href=\"mailto:hello@matyapp.de\">hello@matyapp.de<\/a><br \/>Website: <a href=\"https:\/\/matyapp.de\/en\/\">matyapp.de<\/a><\/p>\n<p>Local court Walsrode HRB 209895<br \/>VAT ID: DE346889519<\/p>\n<p>Maty is a registered trademark at the German Patent and Trademark Office. Rights holder: DigiVET UG (haftungsbeschr\u00e4nkt) Bergedorfer Str. 13, 27726 Worpswede, Germany<\/p>\n<p>&nbsp;<\/p>\n<\/div>\n<div class=\"ce_text block\">\n<div class=\"ce_text block\">\n<h2>Exclusion of liability (disclaimer)<\/h2>\n<div class=\"ce_text block\">\n<div class=\"c50l first\">\n<div class=\"subcl\">\n<div class=\"ce_text block\">\n<p><strong>Liability for content<\/strong><\/p>\n<p>The contents of our pages have been created with the greatest care. However, we cannot assume any liability for the accuracy, completeness and topicality of the content. As a service provider, we are responsible for our own content on these pages in accordance with DDG and general legislation. However, according to the DDG, as a service provider we are not obliged to monitor transmitted or stored third-party information or to investigate circumstances that indicate illegal activity. Obligations to remove or block the use of information in accordance with general legislation remain unaffected by this. However, liability in this respect is only possible from the time of knowledge of a specific infringement. As soon as we become aware of such infringements, we will remove this content immediately.<\/p>\n<p><strong>Liability for links<\/strong><\/p>\n<p>Our website contains links to external third-party websites over whose content we have no influence. Therefore, we cannot accept any liability for this third-party content. The respective provider or operator of the pages is always responsible for the content of the linked pages. The linked pages were checked for possible legal violations at the time of linking. Illegal content was not recognizable at the time of linking. However, permanent monitoring of the content of the linked pages is not reasonable without concrete evidence of an infringement. If we become aware of any legal infringements, we will remove such links immediately.<\/p>\n<p><strong>Copyright<\/strong><\/p>\n<p>The content and works created by the site operators on these pages are subject to German copyright law. Duplication, processing, distribution and any kind of exploitation outside the limits of copyright law require the written consent of the respective author or creator. Downloads and copies of this site are only permitted for private, non-commercial use. Insofar as the content on this site was not created by the operator, the copyrights of third parties are respected. In particular, third-party content is identified as such. Should you nevertheless become aware of a copyright infringement, please inform us accordingly. If we become aware of any infringements, we will remove such content immediately.<\/p>\n<p><strong>Privacy Policy<\/strong><\/p>\n<\/div>\n<\/div>\n<\/div>\n<\/div>\n<\/div>\n<div class=\"ce_text block\">\n<p>The detailed <a href=\"https:\/\/vetogether.de\/datenschutzerklaerung.html\">Privacy policy<\/a>.<\/p>\n<\/div>\n<\/div>\n<div class=\"ce_text block\">\n<p>Source: <a href=\"http:\/\/www.erecht24.de\/\">eRecht24.de<\/a> Internet law by lawyer S\u00f6ren Siebert<\/p>\n<\/div>\n<p>[\/et_pb_text][\/et_pb_column][\/et_pb_row][\/et_pb_section]<\/p>","protected":false},"excerpt":{"rendered":"<p>Impressum DigiVET UG (haftungsbeschr\u00e4nkt)Gesch\u00e4ftsf\u00fchrerin:Sandra Reinheckel Bergedorfer Str. 1327726 Worpswede E-Mail:\u00a0hello@matyapp.deWebsite: matyapp.de Amtsgericht Walsrode HRB 209895USt-Id: DE346889519 Maty ist eine eingetragene Marke beim Deutschen Patent- und Markenamt. Rechteinhaberin: DigiVET UG (haftungsbeschr\u00e4nkt) Bergedorfer Str. 13, 27726 Worpswede &nbsp; Haftungsausschluss (Disclaimer) Haftung f\u00fcr Inhalte Die Inhalte unserer Seiten wurden mit gr\u00f6\u00dfter Sorgfalt erstellt. F\u00fcr die Richtigkeit, Vollst\u00e4ndigkeit und [&hellip;]<\/p>","protected":false},"author":1,"featured_media":0,"parent":0,"menu_order":0,"comment_status":"closed","ping_status":"closed","template":"","meta":{"_et_pb_use_builder":"on","_et_pb_old_content":"<!-- wp:divi\/placeholder \/-->","_et_gb_content_width":"","footnotes":""},"class_list":["post-25933","page","type-page","status-publish","hentry"],"_links":{"self":[{"href":"https:\/\/matyapp.de\/en\/wp-json\/wp\/v2\/pages\/25933","targetHints":{"allow":["GET"]}}],"collection":[{"href":"https:\/\/matyapp.de\/en\/wp-json\/wp\/v2\/pages"}],"about":[{"href":"https:\/\/matyapp.de\/en\/wp-json\/wp\/v2\/types\/page"}],"author":[{"embeddable":true,"href":"https:\/\/matyapp.de\/en\/wp-json\/wp\/v2\/users\/1"}],"replies":[{"embeddable":true,"href":"https:\/\/matyapp.de\/en\/wp-json\/wp\/v2\/comments?post=25933"}],"version-history":[{"count":8,"href":"https:\/\/matyapp.de\/en\/wp-json\/wp\/v2\/pages\/25933\/revisions"}],"predecessor-version":[{"id":26068,"href":"https:\/\/matyapp.de\/en\/wp-json\/wp\/v2\/pages\/25933\/revisions\/26068"}],"wp:attachment":[{"href":"https:\/\/matyapp.de\/en\/wp-json\/wp\/v2\/media?parent=25933"}],"curies":[{"name":"wp","href":"https:\/\/api.w.org\/{rel}","templated":true}]}}